{"id":1399,"date":"2020-06-05T17:37:19","date_gmt":"2020-06-05T17:37:19","guid":{"rendered":"https:\/\/www.auto-kljuc.com\/webshop\/?page_id=1399"},"modified":"2025-03-15T11:52:56","modified_gmt":"2025-03-15T10:52:56","slug":"dostava-proizvoda","status":"publish","type":"page","link":"https:\/\/www.auto-kljuc.com\/webshop\/dostava-proizvoda\/","title":{"rendered":"Dostava proizvoda"},"content":{"rendered":"\n<p><strong>Brza i pouzdana dostava<\/strong><\/p>\n\n\n\n<p>Obavljamo dostavu proizvoda i usluga na podru\u010dju Republike Hrvatske. Va\u0161a po\u0161iljka je osigurana od gubitka u dostavi. Dostavu vr\u0161imo preko kurirske slu\u017ebe <em>GLS<\/em> i cijena dostave iznosi 4.80eura.<\/p>\n\n\n\n<p><strong>Uvjeti dostave<\/strong><\/p>\n\n\n\n<p><\/p>\n\n\n\n<p>Dostavna slu\u017eba dostavlja u roku 1-5 radnih dana.<\/p>\n\n\n\n<p>NAPOMENA: Iznimka su otoci i mjesta koja ne podr\u017eavaju svakodnevnu dostavu, a gdje je dostava mogu\u0107a prema\u00a0rasporedu dostave. Po\u0161iljke za otoke koji nisu na\u00a0rasporedu, bit \u0107e dostavljene u roku od 3 \u2013 7 radnih dana.<br>Proizvodi \u0107e biti zapakirani tako da se uobi\u010dajenom manipulacijom u transportu ne mogu o\u0161tetiti. Kupac je obavezan prilikom preuzimanja robe potpisati otpremnicu ili dostavnicu te je dostavna slu\u017eba uzima kao potvrdu o preuzimanju.<\/p>\n\n\n\n<p><\/p>\n","protected":false},"excerpt":{"rendered":"<p>Brza i pouzdana dostava Obavljamo dostavu proizvoda i usluga na podru\u010dju Republike Hrvatske. Va\u0161a po\u0161iljka je osigurana od gubitka u<\/p>\n","protected":false},"author":39,"featured_media":0,"parent":0,"menu_order":0,"comment_status":"closed","ping_status":"closed","template":"","meta":{"footnotes":""},"class_list":["post-1399","page","type-page","status-publish","hentry"],"yoast_head":"<!-- This site is optimized with the Yoast SEO plugin v27.4 - https:\/\/yoast.com\/product\/yoast-seo-wordpress\/ -->\n<title>Dostava proizvoda - Ku\u0107i\u0161ta za auto klju\u010deve<\/title>\n<meta name=\"robots\" content=\"index, follow, max-snippet:-1, max-image-preview:large, max-video-preview:-1\" \/>\n<link rel=\"canonical\" href=\"https:\/\/www.auto-kljuc.com\/webshop\/dostava-proizvoda\/\" \/>\n<meta property=\"og:locale\" content=\"hr_HR\" \/>\n<meta property=\"og:type\" content=\"article\" \/>\n<meta property=\"og:title\" content=\"Dostava proizvoda - Ku\u0107i\u0161ta za auto klju\u010deve\" \/>\n<meta property=\"og:description\" content=\"Brza i pouzdana dostava Obavljamo dostavu proizvoda i usluga na podru\u010dju Republike Hrvatske. Va\u0161a po\u0161iljka je osigurana od gubitka u\" \/>\n<meta property=\"og:url\" content=\"https:\/\/www.auto-kljuc.com\/webshop\/dostava-proizvoda\/\" \/>\n<meta property=\"og:site_name\" content=\"Ku\u0107i\u0161ta za auto klju\u010deve\" \/>\n<meta property=\"article:modified_time\" content=\"2025-03-15T10:52:56+00:00\" \/>\n<meta name=\"twitter:card\" content=\"summary_large_image\" \/>\n<meta name=\"twitter:label1\" content=\"Procijenjeno vrijeme \u010ditanja\" \/>\n\t<meta name=\"twitter:data1\" content=\"1 minuta\" \/>\n<script type=\"application\/ld+json\" class=\"yoast-schema-graph\">{\"@context\":\"https:\\\/\\\/schema.org\",\"@graph\":[{\"@type\":\"WebPage\",\"@id\":\"https:\\\/\\\/www.auto-kljuc.com\\\/webshop\\\/dostava-proizvoda\\\/\",\"url\":\"https:\\\/\\\/www.auto-kljuc.com\\\/webshop\\\/dostava-proizvoda\\\/\",\"name\":\"Dostava proizvoda - Ku\u0107i\u0161ta za auto klju\u010deve\",\"isPartOf\":{\"@id\":\"https:\\\/\\\/www.auto-kljuc.com\\\/webshop\\\/#website\"},\"datePublished\":\"2020-06-05T17:37:19+00:00\",\"dateModified\":\"2025-03-15T10:52:56+00:00\",\"breadcrumb\":{\"@id\":\"https:\\\/\\\/www.auto-kljuc.com\\\/webshop\\\/dostava-proizvoda\\\/#breadcrumb\"},\"inLanguage\":\"hr\",\"potentialAction\":[{\"@type\":\"ReadAction\",\"target\":[\"https:\\\/\\\/www.auto-kljuc.com\\\/webshop\\\/dostava-proizvoda\\\/\"]}]},{\"@type\":\"BreadcrumbList\",\"@id\":\"https:\\\/\\\/www.auto-kljuc.com\\\/webshop\\\/dostava-proizvoda\\\/#breadcrumb\",\"itemListElement\":[{\"@type\":\"ListItem\",\"position\":1,\"name\":\"Po\u010detna stranica\",\"item\":\"https:\\\/\\\/www.auto-kljuc.com\\\/webshop\\\/\"},{\"@type\":\"ListItem\",\"position\":2,\"name\":\"Dostava proizvoda\"}]},{\"@type\":\"WebSite\",\"@id\":\"https:\\\/\\\/www.auto-kljuc.com\\\/webshop\\\/#website\",\"url\":\"https:\\\/\\\/www.auto-kljuc.com\\\/webshop\\\/\",\"name\":\"Ku\u0107i\u0161ta za auto klju\u010deve\",\"description\":\"\",\"potentialAction\":[{\"@type\":\"SearchAction\",\"target\":{\"@type\":\"EntryPoint\",\"urlTemplate\":\"https:\\\/\\\/www.auto-kljuc.com\\\/webshop\\\/?s={search_term_string}\"},\"query-input\":{\"@type\":\"PropertyValueSpecification\",\"valueRequired\":true,\"valueName\":\"search_term_string\"}}],\"inLanguage\":\"hr\"}]}<\/script>\n<!-- \/ Yoast SEO plugin. -->","yoast_head_json":{"title":"Dostava proizvoda - Ku\u0107i\u0161ta za auto klju\u010deve","robots":{"index":"index","follow":"follow","max-snippet":"max-snippet:-1","max-image-preview":"max-image-preview:large","max-video-preview":"max-video-preview:-1"},"canonical":"https:\/\/www.auto-kljuc.com\/webshop\/dostava-proizvoda\/","og_locale":"hr_HR","og_type":"article","og_title":"Dostava proizvoda - Ku\u0107i\u0161ta za auto klju\u010deve","og_description":"Brza i pouzdana dostava Obavljamo dostavu proizvoda i usluga na podru\u010dju Republike Hrvatske. Va\u0161a po\u0161iljka je osigurana od gubitka u","og_url":"https:\/\/www.auto-kljuc.com\/webshop\/dostava-proizvoda\/","og_site_name":"Ku\u0107i\u0161ta za auto klju\u010deve","article_modified_time":"2025-03-15T10:52:56+00:00","twitter_card":"summary_large_image","twitter_misc":{"Procijenjeno vrijeme \u010ditanja":"1 minuta"},"schema":{"@context":"https:\/\/schema.org","@graph":[{"@type":"WebPage","@id":"https:\/\/www.auto-kljuc.com\/webshop\/dostava-proizvoda\/","url":"https:\/\/www.auto-kljuc.com\/webshop\/dostava-proizvoda\/","name":"Dostava proizvoda - Ku\u0107i\u0161ta za auto klju\u010deve","isPartOf":{"@id":"https:\/\/www.auto-kljuc.com\/webshop\/#website"},"datePublished":"2020-06-05T17:37:19+00:00","dateModified":"2025-03-15T10:52:56+00:00","breadcrumb":{"@id":"https:\/\/www.auto-kljuc.com\/webshop\/dostava-proizvoda\/#breadcrumb"},"inLanguage":"hr","potentialAction":[{"@type":"ReadAction","target":["https:\/\/www.auto-kljuc.com\/webshop\/dostava-proizvoda\/"]}]},{"@type":"BreadcrumbList","@id":"https:\/\/www.auto-kljuc.com\/webshop\/dostava-proizvoda\/#breadcrumb","itemListElement":[{"@type":"ListItem","position":1,"name":"Po\u010detna stranica","item":"https:\/\/www.auto-kljuc.com\/webshop\/"},{"@type":"ListItem","position":2,"name":"Dostava proizvoda"}]},{"@type":"WebSite","@id":"https:\/\/www.auto-kljuc.com\/webshop\/#website","url":"https:\/\/www.auto-kljuc.com\/webshop\/","name":"Ku\u0107i\u0161ta za auto klju\u010deve","description":"","potentialAction":[{"@type":"SearchAction","target":{"@type":"EntryPoint","urlTemplate":"https:\/\/www.auto-kljuc.com\/webshop\/?s={search_term_string}"},"query-input":{"@type":"PropertyValueSpecification","valueRequired":true,"valueName":"search_term_string"}}],"inLanguage":"hr"}]}},"_links":{"self":[{"href":"https:\/\/www.auto-kljuc.com\/webshop\/wp-json\/wp\/v2\/pages\/1399","targetHints":{"allow":["GET"]}}],"collection":[{"href":"https:\/\/www.auto-kljuc.com\/webshop\/wp-json\/wp\/v2\/pages"}],"about":[{"href":"https:\/\/www.auto-kljuc.com\/webshop\/wp-json\/wp\/v2\/types\/page"}],"author":[{"embeddable":true,"href":"https:\/\/www.auto-kljuc.com\/webshop\/wp-json\/wp\/v2\/users\/39"}],"replies":[{"embeddable":true,"href":"https:\/\/www.auto-kljuc.com\/webshop\/wp-json\/wp\/v2\/comments?post=1399"}],"version-history":[{"count":8,"href":"https:\/\/www.auto-kljuc.com\/webshop\/wp-json\/wp\/v2\/pages\/1399\/revisions"}],"predecessor-version":[{"id":6399,"href":"https:\/\/www.auto-kljuc.com\/webshop\/wp-json\/wp\/v2\/pages\/1399\/revisions\/6399"}],"wp:attachment":[{"href":"https:\/\/www.auto-kljuc.com\/webshop\/wp-json\/wp\/v2\/media?parent=1399"}],"curies":[{"name":"wp","href":"https:\/\/api.w.org\/{rel}","templated":true}]}}