{"id":8,"date":"2020-06-04T17:02:19","date_gmt":"2020-06-04T17:02:19","guid":{"rendered":"https:\/\/www.auto-kljuc.com\/webshop\/cart\/"},"modified":"2020-06-04T17:02:19","modified_gmt":"2020-06-04T17:02:19","slug":"cart","status":"publish","type":"page","link":"https:\/\/www.auto-kljuc.com\/webshop\/cart\/","title":{"rendered":"Cart"},"content":{"rendered":"","protected":false},"excerpt":{"rendered":"","protected":false},"author":39,"featured_media":0,"parent":0,"menu_order":0,"comment_status":"closed","ping_status":"closed","template":"","meta":{"footnotes":""},"class_list":["post-8","page","type-page","status-publish","hentry"],"yoast_head":"<!-- This site is optimized with the Yoast SEO plugin v19.13 - https:\/\/yoast.com\/wordpress\/plugins\/seo\/ -->\n<title>Cart - Ku\u0107i\u0161ta za auto klju\u010deve<\/title>\n<meta name=\"robots\" content=\"index, follow, max-snippet:-1, max-image-preview:large, max-video-preview:-1\" \/>\n<link rel=\"canonical\" href=\"https:\/\/www.auto-kljuc.com\/webshop\/cart\/\" \/>\n<meta property=\"og:locale\" content=\"hr_HR\" \/>\n<meta property=\"og:type\" content=\"article\" \/>\n<meta property=\"og:title\" content=\"Cart - Ku\u0107i\u0161ta za auto klju\u010deve\" \/>\n<meta property=\"og:url\" content=\"https:\/\/www.auto-kljuc.com\/webshop\/cart\/\" \/>\n<meta property=\"og:site_name\" content=\"Ku\u0107i\u0161ta za auto klju\u010deve\" \/>\n<meta name=\"twitter:card\" content=\"summary_large_image\" \/>\n<script type=\"application\/ld+json\" class=\"yoast-schema-graph\">{\"@context\":\"https:\/\/schema.org\",\"@graph\":[{\"@type\":\"WebPage\",\"@id\":\"https:\/\/www.auto-kljuc.com\/webshop\/cart\/\",\"url\":\"https:\/\/www.auto-kljuc.com\/webshop\/cart\/\",\"name\":\"Cart - Ku\u0107i\u0161ta za auto klju\u010deve\",\"isPartOf\":{\"@id\":\"https:\/\/www.auto-kljuc.com\/webshop\/#website\"},\"datePublished\":\"2020-06-04T17:02:19+00:00\",\"dateModified\":\"2020-06-04T17:02:19+00:00\",\"breadcrumb\":{\"@id\":\"https:\/\/www.auto-kljuc.com\/webshop\/cart\/#breadcrumb\"},\"inLanguage\":\"hr\",\"potentialAction\":[{\"@type\":\"ReadAction\",\"target\":[\"https:\/\/www.auto-kljuc.com\/webshop\/cart\/\"]}]},{\"@type\":\"BreadcrumbList\",\"@id\":\"https:\/\/www.auto-kljuc.com\/webshop\/cart\/#breadcrumb\",\"itemListElement\":[{\"@type\":\"ListItem\",\"position\":1,\"name\":\"Po\u010detna stranica\",\"item\":\"https:\/\/www.auto-kljuc.com\/webshop\/\"},{\"@type\":\"ListItem\",\"position\":2,\"name\":\"Cart\"}]},{\"@type\":\"WebSite\",\"@id\":\"https:\/\/www.auto-kljuc.com\/webshop\/#website\",\"url\":\"https:\/\/www.auto-kljuc.com\/webshop\/\",\"name\":\"Ku\u0107i\u0161ta za auto klju\u010deve\",\"description\":\"\",\"potentialAction\":[{\"@type\":\"SearchAction\",\"target\":{\"@type\":\"EntryPoint\",\"urlTemplate\":\"https:\/\/www.auto-kljuc.com\/webshop\/?s={search_term_string}\"},\"query-input\":\"required name=search_term_string\"}],\"inLanguage\":\"hr\"}]}<\/script>\n<!-- \/ Yoast SEO plugin. -->","yoast_head_json":{"title":"Cart - Ku\u0107i\u0161ta za auto klju\u010deve","robots":{"index":"index","follow":"follow","max-snippet":"max-snippet:-1","max-image-preview":"max-image-preview:large","max-video-preview":"max-video-preview:-1"},"canonical":"https:\/\/www.auto-kljuc.com\/webshop\/cart\/","og_locale":"hr_HR","og_type":"article","og_title":"Cart - Ku\u0107i\u0161ta za auto klju\u010deve","og_url":"https:\/\/www.auto-kljuc.com\/webshop\/cart\/","og_site_name":"Ku\u0107i\u0161ta za auto klju\u010deve","twitter_card":"summary_large_image","schema":{"@context":"https:\/\/schema.org","@graph":[{"@type":"WebPage","@id":"https:\/\/www.auto-kljuc.com\/webshop\/cart\/","url":"https:\/\/www.auto-kljuc.com\/webshop\/cart\/","name":"Cart - Ku\u0107i\u0161ta za auto klju\u010deve","isPartOf":{"@id":"https:\/\/www.auto-kljuc.com\/webshop\/#website"},"datePublished":"2020-06-04T17:02:19+00:00","dateModified":"2020-06-04T17:02:19+00:00","breadcrumb":{"@id":"https:\/\/www.auto-kljuc.com\/webshop\/cart\/#breadcrumb"},"inLanguage":"hr","potentialAction":[{"@type":"ReadAction","target":["https:\/\/www.auto-kljuc.com\/webshop\/cart\/"]}]},{"@type":"BreadcrumbList","@id":"https:\/\/www.auto-kljuc.com\/webshop\/cart\/#breadcrumb","itemListElement":[{"@type":"ListItem","position":1,"name":"Po\u010detna stranica","item":"https:\/\/www.auto-kljuc.com\/webshop\/"},{"@type":"ListItem","position":2,"name":"Cart"}]},{"@type":"WebSite","@id":"https:\/\/www.auto-kljuc.com\/webshop\/#website","url":"https:\/\/www.auto-kljuc.com\/webshop\/","name":"Ku\u0107i\u0161ta za auto klju\u010deve","description":"","potentialAction":[{"@type":"SearchAction","target":{"@type":"EntryPoint","urlTemplate":"https:\/\/www.auto-kljuc.com\/webshop\/?s={search_term_string}"},"query-input":"required name=search_term_string"}],"inLanguage":"hr"}]}},"_links":{"self":[{"href":"https:\/\/www.auto-kljuc.com\/webshop\/wp-json\/wp\/v2\/pages\/8","targetHints":{"allow":["GET"]}}],"collection":[{"href":"https:\/\/www.auto-kljuc.com\/webshop\/wp-json\/wp\/v2\/pages"}],"about":[{"href":"https:\/\/www.auto-kljuc.com\/webshop\/wp-json\/wp\/v2\/types\/page"}],"author":[{"embeddable":true,"href":"https:\/\/www.auto-kljuc.com\/webshop\/wp-json\/wp\/v2\/users\/39"}],"replies":[{"embeddable":true,"href":"https:\/\/www.auto-kljuc.com\/webshop\/wp-json\/wp\/v2\/comments?post=8"}],"version-history":[{"count":0,"href":"https:\/\/www.auto-kljuc.com\/webshop\/wp-json\/wp\/v2\/pages\/8\/revisions"}],"wp:attachment":[{"href":"https:\/\/www.auto-kljuc.com\/webshop\/wp-json\/wp\/v2\/media?parent=8"}],"curies":[{"name":"wp","href":"https:\/\/api.w.org\/{rel}","templated":true}]}}