{"id":2173,"date":"2021-09-04T10:46:59","date_gmt":"2021-09-04T08:46:59","guid":{"rendered":"https:\/\/www.auto-kljuc.com\/webshop\/?post_type=product&#038;p=2173"},"modified":"2025-03-07T10:49:10","modified_gmt":"2025-03-07T09:49:10","slug":"kuciste-za-chrysler-jeep-smart-21","status":"publish","type":"product","link":"https:\/\/www.auto-kljuc.com\/webshop\/product\/kuciste-za-chrysler-jeep-smart-21\/","title":{"rendered":"Ku\u010di\u0161te za Chrysler\/Jeep Smart 2+1"},"content":{"rendered":"","protected":false},"excerpt":{"rendered":"<p>Ku\u010di\u0161te za Chrysler\/Jeep Smart 2+1<br \/>\nDostavljamo na podru\u010dju cijele Hrvatske, unutar 1 do 5 radnih dana.\u00a0<\/p>\n","protected":false},"featured_media":2174,"template":"","meta":[],"product_brand":[],"product_cat":[21],"product_tag":[104],"class_list":{"0":"post-2173","1":"product","2":"type-product","3":"status-publish","4":"has-post-thumbnail","6":"product_cat-kljuc-za-chryshler-jeep","7":"product_tag-kuciste-za-chrysler-jeep-smart-21","9":"first","10":"instock","11":"taxable","12":"shipping-taxable","13":"purchasable","14":"product-type-simple"},"yoast_head":"<!-- This site is optimized with the Yoast SEO plugin v19.13 - https:\/\/yoast.com\/wordpress\/plugins\/seo\/ -->\n<title>Ku\u010di\u0161te za Chrysler\/Jeep Smart 2+1 - Ku\u0107i\u0161ta za auto klju\u010deve<\/title>\n<meta name=\"description\" content=\"Ku\u010di\u0161te za Chrysler\/Jeep Smart 2+1\" \/>\n<meta name=\"robots\" content=\"index, follow, max-snippet:-1, max-image-preview:large, max-video-preview:-1\" \/>\n<link rel=\"canonical\" href=\"https:\/\/www.auto-kljuc.com\/webshop\/product\/kuciste-za-chrysler-jeep-smart-21\/\" \/>\n<meta property=\"og:locale\" content=\"hr_HR\" \/>\n<meta property=\"og:type\" content=\"article\" \/>\n<meta property=\"og:title\" content=\"Ku\u010di\u0161te za Chrysler\/Jeep Smart 2+1 - Ku\u0107i\u0161ta za auto klju\u010deve\" \/>\n<meta property=\"og:description\" content=\"Ku\u010di\u0161te za Chrysler\/Jeep Smart 2+1\" \/>\n<meta property=\"og:url\" content=\"https:\/\/www.auto-kljuc.com\/webshop\/product\/kuciste-za-chrysler-jeep-smart-21\/\" \/>\n<meta property=\"og:site_name\" content=\"Ku\u0107i\u0161ta za auto klju\u010deve\" \/>\n<meta property=\"article:modified_time\" content=\"2025-03-07T09:49:10+00:00\" \/>\n<meta property=\"og:image\" content=\"https:\/\/www.auto-kljuc.com\/webshop\/wp-content\/uploads\/2021\/09\/b1-11.jpg\" \/>\n\t<meta property=\"og:image:width\" content=\"700\" \/>\n\t<meta property=\"og:image:height\" content=\"700\" \/>\n\t<meta property=\"og:image:type\" content=\"image\/jpeg\" \/>\n<meta name=\"twitter:card\" content=\"summary_large_image\" \/>\n<script type=\"application\/ld+json\" class=\"yoast-schema-graph\">{\"@context\":\"https:\/\/schema.org\",\"@graph\":[{\"@type\":\"WebPage\",\"@id\":\"https:\/\/www.auto-kljuc.com\/webshop\/product\/kuciste-za-chrysler-jeep-smart-21\/\",\"url\":\"https:\/\/www.auto-kljuc.com\/webshop\/product\/kuciste-za-chrysler-jeep-smart-21\/\",\"name\":\"Ku\u010di\u0161te za Chrysler\/Jeep Smart 2+1 - Ku\u0107i\u0161ta za auto klju\u010deve\",\"isPartOf\":{\"@id\":\"https:\/\/www.auto-kljuc.com\/webshop\/#website\"},\"datePublished\":\"2021-09-04T08:46:59+00:00\",\"dateModified\":\"2025-03-07T09:49:10+00:00\",\"description\":\"Ku\u010di\u0161te za Chrysler\/Jeep Smart 2+1\",\"breadcrumb\":{\"@id\":\"https:\/\/www.auto-kljuc.com\/webshop\/product\/kuciste-za-chrysler-jeep-smart-21\/#breadcrumb\"},\"inLanguage\":\"hr\",\"potentialAction\":[{\"@type\":\"ReadAction\",\"target\":[\"https:\/\/www.auto-kljuc.com\/webshop\/product\/kuciste-za-chrysler-jeep-smart-21\/\"]}]},{\"@type\":\"BreadcrumbList\",\"@id\":\"https:\/\/www.auto-kljuc.com\/webshop\/product\/kuciste-za-chrysler-jeep-smart-21\/#breadcrumb\",\"itemListElement\":[{\"@type\":\"ListItem\",\"position\":1,\"name\":\"Po\u010detna stranica\",\"item\":\"https:\/\/www.auto-kljuc.com\/webshop\/\"},{\"@type\":\"ListItem\",\"position\":2,\"name\":\"Shop\",\"item\":\"https:\/\/www.auto-kljuc.com\/webshop\/\"},{\"@type\":\"ListItem\",\"position\":3,\"name\":\"Ku\u010di\u0161te za Chrysler\/Jeep Smart 2+1\"}]},{\"@type\":\"WebSite\",\"@id\":\"https:\/\/www.auto-kljuc.com\/webshop\/#website\",\"url\":\"https:\/\/www.auto-kljuc.com\/webshop\/\",\"name\":\"Ku\u0107i\u0161ta za auto klju\u010deve\",\"description\":\"\",\"potentialAction\":[{\"@type\":\"SearchAction\",\"target\":{\"@type\":\"EntryPoint\",\"urlTemplate\":\"https:\/\/www.auto-kljuc.com\/webshop\/?s={search_term_string}\"},\"query-input\":\"required name=search_term_string\"}],\"inLanguage\":\"hr\"}]}<\/script>\n<!-- \/ Yoast SEO plugin. -->","yoast_head_json":{"title":"Ku\u010di\u0161te za Chrysler\/Jeep Smart 2+1 - Ku\u0107i\u0161ta za auto klju\u010deve","description":"Ku\u010di\u0161te za Chrysler\/Jeep Smart 2+1","robots":{"index":"index","follow":"follow","max-snippet":"max-snippet:-1","max-image-preview":"max-image-preview:large","max-video-preview":"max-video-preview:-1"},"canonical":"https:\/\/www.auto-kljuc.com\/webshop\/product\/kuciste-za-chrysler-jeep-smart-21\/","og_locale":"hr_HR","og_type":"article","og_title":"Ku\u010di\u0161te za Chrysler\/Jeep Smart 2+1 - Ku\u0107i\u0161ta za auto klju\u010deve","og_description":"Ku\u010di\u0161te za Chrysler\/Jeep Smart 2+1","og_url":"https:\/\/www.auto-kljuc.com\/webshop\/product\/kuciste-za-chrysler-jeep-smart-21\/","og_site_name":"Ku\u0107i\u0161ta za auto klju\u010deve","article_modified_time":"2025-03-07T09:49:10+00:00","og_image":[{"width":700,"height":700,"url":"https:\/\/www.auto-kljuc.com\/webshop\/wp-content\/uploads\/2021\/09\/b1-11.jpg","type":"image\/jpeg"}],"twitter_card":"summary_large_image","schema":{"@context":"https:\/\/schema.org","@graph":[{"@type":"WebPage","@id":"https:\/\/www.auto-kljuc.com\/webshop\/product\/kuciste-za-chrysler-jeep-smart-21\/","url":"https:\/\/www.auto-kljuc.com\/webshop\/product\/kuciste-za-chrysler-jeep-smart-21\/","name":"Ku\u010di\u0161te za Chrysler\/Jeep Smart 2+1 - Ku\u0107i\u0161ta za auto klju\u010deve","isPartOf":{"@id":"https:\/\/www.auto-kljuc.com\/webshop\/#website"},"datePublished":"2021-09-04T08:46:59+00:00","dateModified":"2025-03-07T09:49:10+00:00","description":"Ku\u010di\u0161te za Chrysler\/Jeep Smart 2+1","breadcrumb":{"@id":"https:\/\/www.auto-kljuc.com\/webshop\/product\/kuciste-za-chrysler-jeep-smart-21\/#breadcrumb"},"inLanguage":"hr","potentialAction":[{"@type":"ReadAction","target":["https:\/\/www.auto-kljuc.com\/webshop\/product\/kuciste-za-chrysler-jeep-smart-21\/"]}]},{"@type":"BreadcrumbList","@id":"https:\/\/www.auto-kljuc.com\/webshop\/product\/kuciste-za-chrysler-jeep-smart-21\/#breadcrumb","itemListElement":[{"@type":"ListItem","position":1,"name":"Po\u010detna stranica","item":"https:\/\/www.auto-kljuc.com\/webshop\/"},{"@type":"ListItem","position":2,"name":"Shop","item":"https:\/\/www.auto-kljuc.com\/webshop\/"},{"@type":"ListItem","position":3,"name":"Ku\u010di\u0161te za Chrysler\/Jeep Smart 2+1"}]},{"@type":"WebSite","@id":"https:\/\/www.auto-kljuc.com\/webshop\/#website","url":"https:\/\/www.auto-kljuc.com\/webshop\/","name":"Ku\u0107i\u0161ta za auto klju\u010deve","description":"","potentialAction":[{"@type":"SearchAction","target":{"@type":"EntryPoint","urlTemplate":"https:\/\/www.auto-kljuc.com\/webshop\/?s={search_term_string}"},"query-input":"required name=search_term_string"}],"inLanguage":"hr"}]}},"_links":{"self":[{"href":"https:\/\/www.auto-kljuc.com\/webshop\/wp-json\/wp\/v2\/product\/2173","targetHints":{"allow":["GET"]}}],"collection":[{"href":"https:\/\/www.auto-kljuc.com\/webshop\/wp-json\/wp\/v2\/product"}],"about":[{"href":"https:\/\/www.auto-kljuc.com\/webshop\/wp-json\/wp\/v2\/types\/product"}],"wp:featuredmedia":[{"embeddable":true,"href":"https:\/\/www.auto-kljuc.com\/webshop\/wp-json\/wp\/v2\/media\/2174"}],"wp:attachment":[{"href":"https:\/\/www.auto-kljuc.com\/webshop\/wp-json\/wp\/v2\/media?parent=2173"}],"wp:term":[{"taxonomy":"product_brand","embeddable":true,"href":"https:\/\/www.auto-kljuc.com\/webshop\/wp-json\/wp\/v2\/product_brand?post=2173"},{"taxonomy":"product_cat","embeddable":true,"href":"https:\/\/www.auto-kljuc.com\/webshop\/wp-json\/wp\/v2\/product_cat?post=2173"},{"taxonomy":"product_tag","embeddable":true,"href":"https:\/\/www.auto-kljuc.com\/webshop\/wp-json\/wp\/v2\/product_tag?post=2173"}],"curies":[{"name":"wp","href":"https:\/\/api.w.org\/{rel}","templated":true}]}}