{"id":2565,"date":"2021-09-09T13:48:18","date_gmt":"2021-09-09T11:48:18","guid":{"rendered":"https:\/\/www.auto-kljuc.com\/webshop\/?post_type=product&#038;p=2565"},"modified":"2025-03-07T10:49:26","modified_gmt":"2025-03-07T09:49:26","slug":"kuciste-kljuca-za-peugeot-sa-dvije-tpike-noz-hu83-va2","status":"publish","type":"product","link":"https:\/\/www.auto-kljuc.com\/webshop\/product\/kuciste-kljuca-za-peugeot-sa-dvije-tpike-noz-hu83-va2\/","title":{"rendered":"Ku\u010di\u0161te klju\u010da za Peugeot sa dvije tpike, no\u017e HU83-VA2"},"content":{"rendered":"<p>Pogledajte video:<\/p>\n<p><iframe loading=\"lazy\" title=\"Peugeot  two button key fob 206,306 307.406, Repair battery change Fix\" width=\"500\" height=\"281\" src=\"https:\/\/www.youtube.com\/embed\/kMO0IK3CiNE?start=239&#038;feature=oembed\" frameborder=\"0\" allow=\"accelerometer; autoplay; clipboard-write; encrypted-media; gyroscope; picture-in-picture; web-share\" referrerpolicy=\"strict-origin-when-cross-origin\" allowfullscreen><\/iframe><\/p>\n","protected":false},"excerpt":{"rendered":"<p>Ku\u010di\u0161te klju\u010da za Peugeot sa dvije tpike, no\u017e HU83-VA2.<\/p>\n<p>Obratite pa\u017enu na no\u017e (sjekiricu) Va\u0161eg klju\u010da da je isti kao na slici jer postoji tri razli\u010dita modela.<\/p>\n<p>Dostavljamo na podru\u010dju cijele Hrvatske, unutar 1 do 5 radnih dana.<\/p>\n","protected":false},"featured_media":2566,"template":"","meta":[],"product_brand":[],"product_cat":[67],"product_tag":[162],"class_list":{"0":"post-2565","1":"product","2":"type-product","3":"status-publish","4":"has-post-thumbnail","6":"product_cat-kuciste-kljuc-peugeot","7":"product_tag-peugeot-kuciste-kljuc","9":"first","10":"instock","11":"taxable","12":"shipping-taxable","13":"purchasable","14":"product-type-simple"},"yoast_head":"<!-- This site is optimized with the Yoast SEO plugin v19.13 - https:\/\/yoast.com\/wordpress\/plugins\/seo\/ -->\n<title>Ku\u010di\u0161te klju\u010da za Peugeot sa dvije tpike, no\u017e HU83-VA2 - Ku\u0107i\u0161ta za auto klju\u010deve<\/title>\n<meta name=\"description\" content=\"Ku\u010di\u0161te klju\u010da za Peugeot sa dvije tpike, no\u017e HU83-VA2\" \/>\n<meta name=\"robots\" content=\"index, follow, max-snippet:-1, max-image-preview:large, max-video-preview:-1\" \/>\n<link rel=\"canonical\" href=\"https:\/\/www.auto-kljuc.com\/webshop\/product\/kuciste-kljuca-za-peugeot-sa-dvije-tpike-noz-hu83-va2\/\" \/>\n<meta property=\"og:locale\" content=\"hr_HR\" \/>\n<meta property=\"og:type\" content=\"article\" \/>\n<meta property=\"og:title\" content=\"Ku\u010di\u0161te klju\u010da za Peugeot sa dvije tpike, no\u017e HU83-VA2 - Ku\u0107i\u0161ta za auto klju\u010deve\" \/>\n<meta property=\"og:description\" content=\"Ku\u010di\u0161te klju\u010da za Peugeot sa dvije tpike, no\u017e HU83-VA2\" \/>\n<meta property=\"og:url\" content=\"https:\/\/www.auto-kljuc.com\/webshop\/product\/kuciste-kljuca-za-peugeot-sa-dvije-tpike-noz-hu83-va2\/\" \/>\n<meta property=\"og:site_name\" content=\"Ku\u0107i\u0161ta za auto klju\u010deve\" \/>\n<meta property=\"article:modified_time\" content=\"2025-03-07T09:49:26+00:00\" \/>\n<meta property=\"og:image\" content=\"https:\/\/www.auto-kljuc.com\/webshop\/wp-content\/uploads\/2021\/09\/2-4.jpg\" \/>\n\t<meta property=\"og:image:width\" content=\"900\" \/>\n\t<meta property=\"og:image:height\" content=\"900\" \/>\n\t<meta property=\"og:image:type\" content=\"image\/jpeg\" \/>\n<meta name=\"twitter:card\" content=\"summary_large_image\" \/>\n<meta name=\"twitter:label1\" content=\"Procijenjeno vrijeme \u010ditanja\" \/>\n\t<meta name=\"twitter:data1\" content=\"1 minuta\" \/>\n<script type=\"application\/ld+json\" class=\"yoast-schema-graph\">{\"@context\":\"https:\/\/schema.org\",\"@graph\":[{\"@type\":\"WebPage\",\"@id\":\"https:\/\/www.auto-kljuc.com\/webshop\/product\/kuciste-kljuca-za-peugeot-sa-dvije-tpike-noz-hu83-va2\/\",\"url\":\"https:\/\/www.auto-kljuc.com\/webshop\/product\/kuciste-kljuca-za-peugeot-sa-dvije-tpike-noz-hu83-va2\/\",\"name\":\"Ku\u010di\u0161te klju\u010da za Peugeot sa dvije tpike, no\u017e HU83-VA2 - Ku\u0107i\u0161ta za auto klju\u010deve\",\"isPartOf\":{\"@id\":\"https:\/\/www.auto-kljuc.com\/webshop\/#website\"},\"datePublished\":\"2021-09-09T11:48:18+00:00\",\"dateModified\":\"2025-03-07T09:49:26+00:00\",\"description\":\"Ku\u010di\u0161te klju\u010da za Peugeot sa dvije tpike, no\u017e HU83-VA2\",\"breadcrumb\":{\"@id\":\"https:\/\/www.auto-kljuc.com\/webshop\/product\/kuciste-kljuca-za-peugeot-sa-dvije-tpike-noz-hu83-va2\/#breadcrumb\"},\"inLanguage\":\"hr\",\"potentialAction\":[{\"@type\":\"ReadAction\",\"target\":[\"https:\/\/www.auto-kljuc.com\/webshop\/product\/kuciste-kljuca-za-peugeot-sa-dvije-tpike-noz-hu83-va2\/\"]}]},{\"@type\":\"BreadcrumbList\",\"@id\":\"https:\/\/www.auto-kljuc.com\/webshop\/product\/kuciste-kljuca-za-peugeot-sa-dvije-tpike-noz-hu83-va2\/#breadcrumb\",\"itemListElement\":[{\"@type\":\"ListItem\",\"position\":1,\"name\":\"Po\u010detna stranica\",\"item\":\"https:\/\/www.auto-kljuc.com\/webshop\/\"},{\"@type\":\"ListItem\",\"position\":2,\"name\":\"Shop\",\"item\":\"https:\/\/www.auto-kljuc.com\/webshop\/\"},{\"@type\":\"ListItem\",\"position\":3,\"name\":\"Ku\u010di\u0161te klju\u010da za Peugeot sa dvije tpike, no\u017e HU83-VA2\"}]},{\"@type\":\"WebSite\",\"@id\":\"https:\/\/www.auto-kljuc.com\/webshop\/#website\",\"url\":\"https:\/\/www.auto-kljuc.com\/webshop\/\",\"name\":\"Ku\u0107i\u0161ta za auto klju\u010deve\",\"description\":\"\",\"potentialAction\":[{\"@type\":\"SearchAction\",\"target\":{\"@type\":\"EntryPoint\",\"urlTemplate\":\"https:\/\/www.auto-kljuc.com\/webshop\/?s={search_term_string}\"},\"query-input\":\"required name=search_term_string\"}],\"inLanguage\":\"hr\"}]}<\/script>\n<!-- \/ Yoast SEO plugin. -->","yoast_head_json":{"title":"Ku\u010di\u0161te klju\u010da za Peugeot sa dvije tpike, no\u017e HU83-VA2 - Ku\u0107i\u0161ta za auto klju\u010deve","description":"Ku\u010di\u0161te klju\u010da za Peugeot sa dvije tpike, no\u017e HU83-VA2","robots":{"index":"index","follow":"follow","max-snippet":"max-snippet:-1","max-image-preview":"max-image-preview:large","max-video-preview":"max-video-preview:-1"},"canonical":"https:\/\/www.auto-kljuc.com\/webshop\/product\/kuciste-kljuca-za-peugeot-sa-dvije-tpike-noz-hu83-va2\/","og_locale":"hr_HR","og_type":"article","og_title":"Ku\u010di\u0161te klju\u010da za Peugeot sa dvije tpike, no\u017e HU83-VA2 - Ku\u0107i\u0161ta za auto klju\u010deve","og_description":"Ku\u010di\u0161te klju\u010da za Peugeot sa dvije tpike, no\u017e HU83-VA2","og_url":"https:\/\/www.auto-kljuc.com\/webshop\/product\/kuciste-kljuca-za-peugeot-sa-dvije-tpike-noz-hu83-va2\/","og_site_name":"Ku\u0107i\u0161ta za auto klju\u010deve","article_modified_time":"2025-03-07T09:49:26+00:00","og_image":[{"width":900,"height":900,"url":"https:\/\/www.auto-kljuc.com\/webshop\/wp-content\/uploads\/2021\/09\/2-4.jpg","type":"image\/jpeg"}],"twitter_card":"summary_large_image","twitter_misc":{"Procijenjeno vrijeme \u010ditanja":"1 minuta"},"schema":{"@context":"https:\/\/schema.org","@graph":[{"@type":"WebPage","@id":"https:\/\/www.auto-kljuc.com\/webshop\/product\/kuciste-kljuca-za-peugeot-sa-dvije-tpike-noz-hu83-va2\/","url":"https:\/\/www.auto-kljuc.com\/webshop\/product\/kuciste-kljuca-za-peugeot-sa-dvije-tpike-noz-hu83-va2\/","name":"Ku\u010di\u0161te klju\u010da za Peugeot sa dvije tpike, no\u017e HU83-VA2 - Ku\u0107i\u0161ta za auto klju\u010deve","isPartOf":{"@id":"https:\/\/www.auto-kljuc.com\/webshop\/#website"},"datePublished":"2021-09-09T11:48:18+00:00","dateModified":"2025-03-07T09:49:26+00:00","description":"Ku\u010di\u0161te klju\u010da za Peugeot sa dvije tpike, no\u017e HU83-VA2","breadcrumb":{"@id":"https:\/\/www.auto-kljuc.com\/webshop\/product\/kuciste-kljuca-za-peugeot-sa-dvije-tpike-noz-hu83-va2\/#breadcrumb"},"inLanguage":"hr","potentialAction":[{"@type":"ReadAction","target":["https:\/\/www.auto-kljuc.com\/webshop\/product\/kuciste-kljuca-za-peugeot-sa-dvije-tpike-noz-hu83-va2\/"]}]},{"@type":"BreadcrumbList","@id":"https:\/\/www.auto-kljuc.com\/webshop\/product\/kuciste-kljuca-za-peugeot-sa-dvije-tpike-noz-hu83-va2\/#breadcrumb","itemListElement":[{"@type":"ListItem","position":1,"name":"Po\u010detna stranica","item":"https:\/\/www.auto-kljuc.com\/webshop\/"},{"@type":"ListItem","position":2,"name":"Shop","item":"https:\/\/www.auto-kljuc.com\/webshop\/"},{"@type":"ListItem","position":3,"name":"Ku\u010di\u0161te klju\u010da za Peugeot sa dvije tpike, no\u017e HU83-VA2"}]},{"@type":"WebSite","@id":"https:\/\/www.auto-kljuc.com\/webshop\/#website","url":"https:\/\/www.auto-kljuc.com\/webshop\/","name":"Ku\u0107i\u0161ta za auto klju\u010deve","description":"","potentialAction":[{"@type":"SearchAction","target":{"@type":"EntryPoint","urlTemplate":"https:\/\/www.auto-kljuc.com\/webshop\/?s={search_term_string}"},"query-input":"required name=search_term_string"}],"inLanguage":"hr"}]}},"_links":{"self":[{"href":"https:\/\/www.auto-kljuc.com\/webshop\/wp-json\/wp\/v2\/product\/2565","targetHints":{"allow":["GET"]}}],"collection":[{"href":"https:\/\/www.auto-kljuc.com\/webshop\/wp-json\/wp\/v2\/product"}],"about":[{"href":"https:\/\/www.auto-kljuc.com\/webshop\/wp-json\/wp\/v2\/types\/product"}],"wp:featuredmedia":[{"embeddable":true,"href":"https:\/\/www.auto-kljuc.com\/webshop\/wp-json\/wp\/v2\/media\/2566"}],"wp:attachment":[{"href":"https:\/\/www.auto-kljuc.com\/webshop\/wp-json\/wp\/v2\/media?parent=2565"}],"wp:term":[{"taxonomy":"product_brand","embeddable":true,"href":"https:\/\/www.auto-kljuc.com\/webshop\/wp-json\/wp\/v2\/product_brand?post=2565"},{"taxonomy":"product_cat","embeddable":true,"href":"https:\/\/www.auto-kljuc.com\/webshop\/wp-json\/wp\/v2\/product_cat?post=2565"},{"taxonomy":"product_tag","embeddable":true,"href":"https:\/\/www.auto-kljuc.com\/webshop\/wp-json\/wp\/v2\/product_tag?post=2565"}],"curies":[{"name":"wp","href":"https:\/\/api.w.org\/{rel}","templated":true}]}}