{"id":2674,"date":"2021-09-15T09:09:39","date_gmt":"2021-09-15T07:09:39","guid":{"rendered":"https:\/\/www.auto-kljuc.com\/webshop\/?post_type=product&#038;p=2674"},"modified":"2026-04-21T18:12:16","modified_gmt":"2026-04-21T16:12:16","slug":"kuciste-kljuca-za-suzuki-sa-dvije-tipke","status":"publish","type":"product","link":"https:\/\/www.auto-kljuc.com\/webshop\/product\/kuciste-kljuca-za-suzuki-sa-dvije-tipke\/","title":{"rendered":"Ku\u010di\u0161te klju\u010da za Suzuki sa dvije tipke"},"content":{"rendered":"","protected":false},"excerpt":{"rendered":"<p>Ku\u010di\u0161te klju\u010da za Suzuki sa dvije tipke<\/p>\n<p>Dostavljamo na podru\u010dju cijele Hrvatske, unutar 1 do 5 radnih dana.<\/p>\n","protected":false},"featured_media":2675,"template":"","meta":[],"product_brand":[],"product_cat":[73],"product_tag":[],"class_list":{"0":"post-2674","1":"product","2":"type-product","3":"status-publish","4":"has-post-thumbnail","6":"product_cat-kuciste-kljuc-suzuki","8":"first","9":"instock","10":"taxable","11":"shipping-taxable","12":"purchasable","13":"product-type-simple"},"yoast_head":"<!-- This site is optimized with the Yoast SEO plugin v27.4 - https:\/\/yoast.com\/product\/yoast-seo-wordpress\/ -->\n<title>Ku\u010di\u0161te klju\u010da za Suzuki sa dvije tipke - Ku\u0107i\u0161ta za auto klju\u010deve<\/title>\n<meta name=\"robots\" content=\"index, follow, max-snippet:-1, max-image-preview:large, max-video-preview:-1\" \/>\n<link rel=\"canonical\" href=\"https:\/\/www.auto-kljuc.com\/webshop\/product\/kuciste-kljuca-za-suzuki-sa-dvije-tipke\/\" \/>\n<meta property=\"og:locale\" content=\"hr_HR\" \/>\n<meta property=\"og:type\" content=\"article\" \/>\n<meta property=\"og:title\" content=\"Ku\u010di\u0161te klju\u010da za Suzuki sa dvije tipke - Ku\u0107i\u0161ta za auto klju\u010deve\" \/>\n<meta property=\"og:description\" content=\"Ku\u010di\u0161te klju\u010da za Suzuki sa dvije tipke  Dostavljamo na podru\u010dju cijele Hrvatske, unutar 1 do 5 radnih dana.\" \/>\n<meta property=\"og:url\" content=\"https:\/\/www.auto-kljuc.com\/webshop\/product\/kuciste-kljuca-za-suzuki-sa-dvije-tipke\/\" \/>\n<meta property=\"og:site_name\" content=\"Ku\u0107i\u0161ta za auto klju\u010deve\" \/>\n<meta property=\"article:modified_time\" content=\"2026-04-21T16:12:16+00:00\" \/>\n<meta property=\"og:image\" content=\"https:\/\/www.auto-kljuc.com\/webshop\/wp-content\/uploads\/2021\/09\/2-24.jpg\" \/>\n\t<meta property=\"og:image:width\" content=\"900\" \/>\n\t<meta property=\"og:image:height\" content=\"900\" \/>\n\t<meta property=\"og:image:type\" content=\"image\/jpeg\" \/>\n<meta name=\"twitter:card\" content=\"summary_large_image\" \/>\n<script type=\"application\/ld+json\" class=\"yoast-schema-graph\">{\"@context\":\"https:\\\/\\\/schema.org\",\"@graph\":[{\"@type\":\"WebPage\",\"@id\":\"https:\\\/\\\/www.auto-kljuc.com\\\/webshop\\\/product\\\/kuciste-kljuca-za-suzuki-sa-dvije-tipke\\\/\",\"url\":\"https:\\\/\\\/www.auto-kljuc.com\\\/webshop\\\/product\\\/kuciste-kljuca-za-suzuki-sa-dvije-tipke\\\/\",\"name\":\"Ku\u010di\u0161te klju\u010da za Suzuki sa dvije tipke - Ku\u0107i\u0161ta za auto klju\u010deve\",\"isPartOf\":{\"@id\":\"https:\\\/\\\/www.auto-kljuc.com\\\/webshop\\\/#website\"},\"primaryImageOfPage\":{\"@id\":\"https:\\\/\\\/www.auto-kljuc.com\\\/webshop\\\/product\\\/kuciste-kljuca-za-suzuki-sa-dvije-tipke\\\/#primaryimage\"},\"image\":{\"@id\":\"https:\\\/\\\/www.auto-kljuc.com\\\/webshop\\\/product\\\/kuciste-kljuca-za-suzuki-sa-dvije-tipke\\\/#primaryimage\"},\"thumbnailUrl\":\"https:\\\/\\\/www.auto-kljuc.com\\\/webshop\\\/wp-content\\\/uploads\\\/2021\\\/09\\\/2-24.jpg\",\"datePublished\":\"2021-09-15T07:09:39+00:00\",\"dateModified\":\"2026-04-21T16:12:16+00:00\",\"breadcrumb\":{\"@id\":\"https:\\\/\\\/www.auto-kljuc.com\\\/webshop\\\/product\\\/kuciste-kljuca-za-suzuki-sa-dvije-tipke\\\/#breadcrumb\"},\"inLanguage\":\"hr\",\"potentialAction\":[{\"@type\":\"ReadAction\",\"target\":[\"https:\\\/\\\/www.auto-kljuc.com\\\/webshop\\\/product\\\/kuciste-kljuca-za-suzuki-sa-dvije-tipke\\\/\"]}]},{\"@type\":\"ImageObject\",\"inLanguage\":\"hr\",\"@id\":\"https:\\\/\\\/www.auto-kljuc.com\\\/webshop\\\/product\\\/kuciste-kljuca-za-suzuki-sa-dvije-tipke\\\/#primaryimage\",\"url\":\"https:\\\/\\\/www.auto-kljuc.com\\\/webshop\\\/wp-content\\\/uploads\\\/2021\\\/09\\\/2-24.jpg\",\"contentUrl\":\"https:\\\/\\\/www.auto-kljuc.com\\\/webshop\\\/wp-content\\\/uploads\\\/2021\\\/09\\\/2-24.jpg\",\"width\":900,\"height\":900},{\"@type\":\"BreadcrumbList\",\"@id\":\"https:\\\/\\\/www.auto-kljuc.com\\\/webshop\\\/product\\\/kuciste-kljuca-za-suzuki-sa-dvije-tipke\\\/#breadcrumb\",\"itemListElement\":[{\"@type\":\"ListItem\",\"position\":1,\"name\":\"Po\u010detna stranica\",\"item\":\"https:\\\/\\\/www.auto-kljuc.com\\\/webshop\\\/\"},{\"@type\":\"ListItem\",\"position\":2,\"name\":\"Shop\",\"item\":\"https:\\\/\\\/www.auto-kljuc.com\\\/webshop\\\/\"},{\"@type\":\"ListItem\",\"position\":3,\"name\":\"Ku\u010di\u0161te klju\u010da za Suzuki sa dvije tipke\"}]},{\"@type\":\"WebSite\",\"@id\":\"https:\\\/\\\/www.auto-kljuc.com\\\/webshop\\\/#website\",\"url\":\"https:\\\/\\\/www.auto-kljuc.com\\\/webshop\\\/\",\"name\":\"Ku\u0107i\u0161ta za auto klju\u010deve\",\"description\":\"\",\"potentialAction\":[{\"@type\":\"SearchAction\",\"target\":{\"@type\":\"EntryPoint\",\"urlTemplate\":\"https:\\\/\\\/www.auto-kljuc.com\\\/webshop\\\/?s={search_term_string}\"},\"query-input\":{\"@type\":\"PropertyValueSpecification\",\"valueRequired\":true,\"valueName\":\"search_term_string\"}}],\"inLanguage\":\"hr\"}]}<\/script>\n<!-- \/ Yoast SEO plugin. -->","yoast_head_json":{"title":"Ku\u010di\u0161te klju\u010da za Suzuki sa dvije tipke - Ku\u0107i\u0161ta za auto klju\u010deve","robots":{"index":"index","follow":"follow","max-snippet":"max-snippet:-1","max-image-preview":"max-image-preview:large","max-video-preview":"max-video-preview:-1"},"canonical":"https:\/\/www.auto-kljuc.com\/webshop\/product\/kuciste-kljuca-za-suzuki-sa-dvije-tipke\/","og_locale":"hr_HR","og_type":"article","og_title":"Ku\u010di\u0161te klju\u010da za Suzuki sa dvije tipke - Ku\u0107i\u0161ta za auto klju\u010deve","og_description":"Ku\u010di\u0161te klju\u010da za Suzuki sa dvije tipke  Dostavljamo na podru\u010dju cijele Hrvatske, unutar 1 do 5 radnih dana.","og_url":"https:\/\/www.auto-kljuc.com\/webshop\/product\/kuciste-kljuca-za-suzuki-sa-dvije-tipke\/","og_site_name":"Ku\u0107i\u0161ta za auto klju\u010deve","article_modified_time":"2026-04-21T16:12:16+00:00","og_image":[{"width":900,"height":900,"url":"https:\/\/www.auto-kljuc.com\/webshop\/wp-content\/uploads\/2021\/09\/2-24.jpg","type":"image\/jpeg"}],"twitter_card":"summary_large_image","schema":{"@context":"https:\/\/schema.org","@graph":[{"@type":"WebPage","@id":"https:\/\/www.auto-kljuc.com\/webshop\/product\/kuciste-kljuca-za-suzuki-sa-dvije-tipke\/","url":"https:\/\/www.auto-kljuc.com\/webshop\/product\/kuciste-kljuca-za-suzuki-sa-dvije-tipke\/","name":"Ku\u010di\u0161te klju\u010da za Suzuki sa dvije tipke - Ku\u0107i\u0161ta za auto klju\u010deve","isPartOf":{"@id":"https:\/\/www.auto-kljuc.com\/webshop\/#website"},"primaryImageOfPage":{"@id":"https:\/\/www.auto-kljuc.com\/webshop\/product\/kuciste-kljuca-za-suzuki-sa-dvije-tipke\/#primaryimage"},"image":{"@id":"https:\/\/www.auto-kljuc.com\/webshop\/product\/kuciste-kljuca-za-suzuki-sa-dvije-tipke\/#primaryimage"},"thumbnailUrl":"https:\/\/www.auto-kljuc.com\/webshop\/wp-content\/uploads\/2021\/09\/2-24.jpg","datePublished":"2021-09-15T07:09:39+00:00","dateModified":"2026-04-21T16:12:16+00:00","breadcrumb":{"@id":"https:\/\/www.auto-kljuc.com\/webshop\/product\/kuciste-kljuca-za-suzuki-sa-dvije-tipke\/#breadcrumb"},"inLanguage":"hr","potentialAction":[{"@type":"ReadAction","target":["https:\/\/www.auto-kljuc.com\/webshop\/product\/kuciste-kljuca-za-suzuki-sa-dvije-tipke\/"]}]},{"@type":"ImageObject","inLanguage":"hr","@id":"https:\/\/www.auto-kljuc.com\/webshop\/product\/kuciste-kljuca-za-suzuki-sa-dvije-tipke\/#primaryimage","url":"https:\/\/www.auto-kljuc.com\/webshop\/wp-content\/uploads\/2021\/09\/2-24.jpg","contentUrl":"https:\/\/www.auto-kljuc.com\/webshop\/wp-content\/uploads\/2021\/09\/2-24.jpg","width":900,"height":900},{"@type":"BreadcrumbList","@id":"https:\/\/www.auto-kljuc.com\/webshop\/product\/kuciste-kljuca-za-suzuki-sa-dvije-tipke\/#breadcrumb","itemListElement":[{"@type":"ListItem","position":1,"name":"Po\u010detna stranica","item":"https:\/\/www.auto-kljuc.com\/webshop\/"},{"@type":"ListItem","position":2,"name":"Shop","item":"https:\/\/www.auto-kljuc.com\/webshop\/"},{"@type":"ListItem","position":3,"name":"Ku\u010di\u0161te klju\u010da za Suzuki sa dvije tipke"}]},{"@type":"WebSite","@id":"https:\/\/www.auto-kljuc.com\/webshop\/#website","url":"https:\/\/www.auto-kljuc.com\/webshop\/","name":"Ku\u0107i\u0161ta za auto klju\u010deve","description":"","potentialAction":[{"@type":"SearchAction","target":{"@type":"EntryPoint","urlTemplate":"https:\/\/www.auto-kljuc.com\/webshop\/?s={search_term_string}"},"query-input":{"@type":"PropertyValueSpecification","valueRequired":true,"valueName":"search_term_string"}}],"inLanguage":"hr"}]}},"_links":{"self":[{"href":"https:\/\/www.auto-kljuc.com\/webshop\/wp-json\/wp\/v2\/product\/2674","targetHints":{"allow":["GET"]}}],"collection":[{"href":"https:\/\/www.auto-kljuc.com\/webshop\/wp-json\/wp\/v2\/product"}],"about":[{"href":"https:\/\/www.auto-kljuc.com\/webshop\/wp-json\/wp\/v2\/types\/product"}],"wp:featuredmedia":[{"embeddable":true,"href":"https:\/\/www.auto-kljuc.com\/webshop\/wp-json\/wp\/v2\/media\/2675"}],"wp:attachment":[{"href":"https:\/\/www.auto-kljuc.com\/webshop\/wp-json\/wp\/v2\/media?parent=2674"}],"wp:term":[{"taxonomy":"product_brand","embeddable":true,"href":"https:\/\/www.auto-kljuc.com\/webshop\/wp-json\/wp\/v2\/product_brand?post=2674"},{"taxonomy":"product_cat","embeddable":true,"href":"https:\/\/www.auto-kljuc.com\/webshop\/wp-json\/wp\/v2\/product_cat?post=2674"},{"taxonomy":"product_tag","embeddable":true,"href":"https:\/\/www.auto-kljuc.com\/webshop\/wp-json\/wp\/v2\/product_tag?post=2674"}],"curies":[{"name":"wp","href":"https:\/\/api.w.org\/{rel}","templated":true}]}}