{"id":6431,"date":"2025-03-27T10:18:39","date_gmt":"2025-03-27T09:18:39","guid":{"rendered":"https:\/\/www.auto-kljuc.com\/webshop\/?post_type=product&#038;p=6431"},"modified":"2025-03-27T10:18:40","modified_gmt":"2025-03-27T09:18:40","slug":"kuciste-za-kljuc-alfa-romeo-sa-tri-tipke-smart","status":"publish","type":"product","link":"https:\/\/www.auto-kljuc.com\/webshop\/product\/kuciste-za-kljuc-alfa-romeo-sa-tri-tipke-smart\/","title":{"rendered":"Ku\u0107i\u0161te za klju\u010d Alfa Romeo sa tri tipke (smart)"},"content":{"rendered":"","protected":false},"excerpt":{"rendered":"<p>Prazno zamjensko ku\u0107i\u0161te za Alfu Romeo sa tri tipke (smart). Dostava unutar 1 do 7 radnih dana.<\/p>\n","protected":false},"featured_media":6432,"template":"","meta":[],"product_brand":[],"product_cat":[18],"product_tag":[],"class_list":{"0":"post-6431","1":"product","2":"type-product","3":"status-publish","4":"has-post-thumbnail","6":"product_cat-kuciste-kljuca-za-alfu-romeo","8":"first","9":"instock","10":"taxable","11":"shipping-taxable","12":"purchasable","13":"product-type-simple"},"yoast_head":"<!-- This site is optimized with the Yoast SEO plugin v19.13 - https:\/\/yoast.com\/wordpress\/plugins\/seo\/ -->\n<title>Ku\u0107i\u0161te za klju\u010d Alfa Romeo sa tri tipke (smart) - Ku\u0107i\u0161ta za auto klju\u010deve<\/title>\n<meta name=\"robots\" content=\"index, follow, max-snippet:-1, max-image-preview:large, max-video-preview:-1\" \/>\n<link rel=\"canonical\" href=\"https:\/\/www.auto-kljuc.com\/webshop\/product\/kuciste-za-kljuc-alfa-romeo-sa-tri-tipke-smart\/\" \/>\n<meta property=\"og:locale\" content=\"hr_HR\" \/>\n<meta property=\"og:type\" content=\"article\" \/>\n<meta property=\"og:title\" content=\"Ku\u0107i\u0161te za klju\u010d Alfa Romeo sa tri tipke (smart) - Ku\u0107i\u0161ta za auto klju\u010deve\" \/>\n<meta property=\"og:description\" content=\"Prazno zamjensko ku\u0107i\u0161te za Alfu Romeo sa tri tipke (smart). Dostava unutar 1 do 7 radnih dana.\" \/>\n<meta property=\"og:url\" content=\"https:\/\/www.auto-kljuc.com\/webshop\/product\/kuciste-za-kljuc-alfa-romeo-sa-tri-tipke-smart\/\" \/>\n<meta property=\"og:site_name\" content=\"Ku\u0107i\u0161ta za auto klju\u010deve\" \/>\n<meta property=\"article:modified_time\" content=\"2025-03-27T09:18:40+00:00\" \/>\n<meta property=\"og:image\" content=\"https:\/\/www.auto-kljuc.com\/webshop\/wp-content\/uploads\/2025\/03\/alfa-romeo-kuciste-kljuca.jpg\" \/>\n\t<meta property=\"og:image:width\" content=\"500\" \/>\n\t<meta property=\"og:image:height\" content=\"500\" \/>\n\t<meta property=\"og:image:type\" content=\"image\/jpeg\" \/>\n<meta name=\"twitter:card\" content=\"summary_large_image\" \/>\n<script type=\"application\/ld+json\" class=\"yoast-schema-graph\">{\"@context\":\"https:\/\/schema.org\",\"@graph\":[{\"@type\":\"WebPage\",\"@id\":\"https:\/\/www.auto-kljuc.com\/webshop\/product\/kuciste-za-kljuc-alfa-romeo-sa-tri-tipke-smart\/\",\"url\":\"https:\/\/www.auto-kljuc.com\/webshop\/product\/kuciste-za-kljuc-alfa-romeo-sa-tri-tipke-smart\/\",\"name\":\"Ku\u0107i\u0161te za klju\u010d Alfa Romeo sa tri tipke (smart) - Ku\u0107i\u0161ta za auto klju\u010deve\",\"isPartOf\":{\"@id\":\"https:\/\/www.auto-kljuc.com\/webshop\/#website\"},\"datePublished\":\"2025-03-27T09:18:39+00:00\",\"dateModified\":\"2025-03-27T09:18:40+00:00\",\"breadcrumb\":{\"@id\":\"https:\/\/www.auto-kljuc.com\/webshop\/product\/kuciste-za-kljuc-alfa-romeo-sa-tri-tipke-smart\/#breadcrumb\"},\"inLanguage\":\"hr\",\"potentialAction\":[{\"@type\":\"ReadAction\",\"target\":[\"https:\/\/www.auto-kljuc.com\/webshop\/product\/kuciste-za-kljuc-alfa-romeo-sa-tri-tipke-smart\/\"]}]},{\"@type\":\"BreadcrumbList\",\"@id\":\"https:\/\/www.auto-kljuc.com\/webshop\/product\/kuciste-za-kljuc-alfa-romeo-sa-tri-tipke-smart\/#breadcrumb\",\"itemListElement\":[{\"@type\":\"ListItem\",\"position\":1,\"name\":\"Po\u010detna stranica\",\"item\":\"https:\/\/www.auto-kljuc.com\/webshop\/\"},{\"@type\":\"ListItem\",\"position\":2,\"name\":\"Shop\",\"item\":\"https:\/\/www.auto-kljuc.com\/webshop\/\"},{\"@type\":\"ListItem\",\"position\":3,\"name\":\"Ku\u0107i\u0161te za klju\u010d Alfa Romeo sa tri tipke (smart)\"}]},{\"@type\":\"WebSite\",\"@id\":\"https:\/\/www.auto-kljuc.com\/webshop\/#website\",\"url\":\"https:\/\/www.auto-kljuc.com\/webshop\/\",\"name\":\"Ku\u0107i\u0161ta za auto klju\u010deve\",\"description\":\"\",\"potentialAction\":[{\"@type\":\"SearchAction\",\"target\":{\"@type\":\"EntryPoint\",\"urlTemplate\":\"https:\/\/www.auto-kljuc.com\/webshop\/?s={search_term_string}\"},\"query-input\":\"required name=search_term_string\"}],\"inLanguage\":\"hr\"}]}<\/script>\n<!-- \/ Yoast SEO plugin. -->","yoast_head_json":{"title":"Ku\u0107i\u0161te za klju\u010d Alfa Romeo sa tri tipke (smart) - Ku\u0107i\u0161ta za auto klju\u010deve","robots":{"index":"index","follow":"follow","max-snippet":"max-snippet:-1","max-image-preview":"max-image-preview:large","max-video-preview":"max-video-preview:-1"},"canonical":"https:\/\/www.auto-kljuc.com\/webshop\/product\/kuciste-za-kljuc-alfa-romeo-sa-tri-tipke-smart\/","og_locale":"hr_HR","og_type":"article","og_title":"Ku\u0107i\u0161te za klju\u010d Alfa Romeo sa tri tipke (smart) - Ku\u0107i\u0161ta za auto klju\u010deve","og_description":"Prazno zamjensko ku\u0107i\u0161te za Alfu Romeo sa tri tipke (smart). Dostava unutar 1 do 7 radnih dana.","og_url":"https:\/\/www.auto-kljuc.com\/webshop\/product\/kuciste-za-kljuc-alfa-romeo-sa-tri-tipke-smart\/","og_site_name":"Ku\u0107i\u0161ta za auto klju\u010deve","article_modified_time":"2025-03-27T09:18:40+00:00","og_image":[{"width":500,"height":500,"url":"https:\/\/www.auto-kljuc.com\/webshop\/wp-content\/uploads\/2025\/03\/alfa-romeo-kuciste-kljuca.jpg","type":"image\/jpeg"}],"twitter_card":"summary_large_image","schema":{"@context":"https:\/\/schema.org","@graph":[{"@type":"WebPage","@id":"https:\/\/www.auto-kljuc.com\/webshop\/product\/kuciste-za-kljuc-alfa-romeo-sa-tri-tipke-smart\/","url":"https:\/\/www.auto-kljuc.com\/webshop\/product\/kuciste-za-kljuc-alfa-romeo-sa-tri-tipke-smart\/","name":"Ku\u0107i\u0161te za klju\u010d Alfa Romeo sa tri tipke (smart) - Ku\u0107i\u0161ta za auto klju\u010deve","isPartOf":{"@id":"https:\/\/www.auto-kljuc.com\/webshop\/#website"},"datePublished":"2025-03-27T09:18:39+00:00","dateModified":"2025-03-27T09:18:40+00:00","breadcrumb":{"@id":"https:\/\/www.auto-kljuc.com\/webshop\/product\/kuciste-za-kljuc-alfa-romeo-sa-tri-tipke-smart\/#breadcrumb"},"inLanguage":"hr","potentialAction":[{"@type":"ReadAction","target":["https:\/\/www.auto-kljuc.com\/webshop\/product\/kuciste-za-kljuc-alfa-romeo-sa-tri-tipke-smart\/"]}]},{"@type":"BreadcrumbList","@id":"https:\/\/www.auto-kljuc.com\/webshop\/product\/kuciste-za-kljuc-alfa-romeo-sa-tri-tipke-smart\/#breadcrumb","itemListElement":[{"@type":"ListItem","position":1,"name":"Po\u010detna stranica","item":"https:\/\/www.auto-kljuc.com\/webshop\/"},{"@type":"ListItem","position":2,"name":"Shop","item":"https:\/\/www.auto-kljuc.com\/webshop\/"},{"@type":"ListItem","position":3,"name":"Ku\u0107i\u0161te za klju\u010d Alfa Romeo sa tri tipke (smart)"}]},{"@type":"WebSite","@id":"https:\/\/www.auto-kljuc.com\/webshop\/#website","url":"https:\/\/www.auto-kljuc.com\/webshop\/","name":"Ku\u0107i\u0161ta za auto klju\u010deve","description":"","potentialAction":[{"@type":"SearchAction","target":{"@type":"EntryPoint","urlTemplate":"https:\/\/www.auto-kljuc.com\/webshop\/?s={search_term_string}"},"query-input":"required name=search_term_string"}],"inLanguage":"hr"}]}},"_links":{"self":[{"href":"https:\/\/www.auto-kljuc.com\/webshop\/wp-json\/wp\/v2\/product\/6431","targetHints":{"allow":["GET"]}}],"collection":[{"href":"https:\/\/www.auto-kljuc.com\/webshop\/wp-json\/wp\/v2\/product"}],"about":[{"href":"https:\/\/www.auto-kljuc.com\/webshop\/wp-json\/wp\/v2\/types\/product"}],"wp:featuredmedia":[{"embeddable":true,"href":"https:\/\/www.auto-kljuc.com\/webshop\/wp-json\/wp\/v2\/media\/6432"}],"wp:attachment":[{"href":"https:\/\/www.auto-kljuc.com\/webshop\/wp-json\/wp\/v2\/media?parent=6431"}],"wp:term":[{"taxonomy":"product_brand","embeddable":true,"href":"https:\/\/www.auto-kljuc.com\/webshop\/wp-json\/wp\/v2\/product_brand?post=6431"},{"taxonomy":"product_cat","embeddable":true,"href":"https:\/\/www.auto-kljuc.com\/webshop\/wp-json\/wp\/v2\/product_cat?post=6431"},{"taxonomy":"product_tag","embeddable":true,"href":"https:\/\/www.auto-kljuc.com\/webshop\/wp-json\/wp\/v2\/product_tag?post=6431"}],"curies":[{"name":"wp","href":"https:\/\/api.w.org\/{rel}","templated":true}]}}