{"id":6462,"date":"2025-03-28T10:09:17","date_gmt":"2025-03-28T09:09:17","guid":{"rendered":"https:\/\/www.auto-kljuc.com\/webshop\/?post_type=product&#038;p=6462"},"modified":"2025-03-28T10:10:22","modified_gmt":"2025-03-28T09:10:22","slug":"kuciste-za-auto-kljuc-chevrolet-da-tri-tipke","status":"publish","type":"product","link":"https:\/\/www.auto-kljuc.com\/webshop\/product\/kuciste-za-auto-kljuc-chevrolet-da-tri-tipke\/","title":{"rendered":"Ku\u0107i\u0161te za auto klju\u010d Chevrolet da tri tipke"},"content":{"rendered":"<p><iframe loading=\"lazy\" title=\"OPEL \/ CHEVROLET - How to replace car key cover\" width=\"500\" height=\"281\" src=\"https:\/\/www.youtube.com\/embed\/DEIUF9wX3yI?feature=oembed\" frameborder=\"0\" allow=\"accelerometer; autoplay; clipboard-write; encrypted-media; gyroscope; picture-in-picture; web-share\" referrerpolicy=\"strict-origin-when-cross-origin\" allowfullscreen><\/iframe><\/p>\n","protected":false},"excerpt":{"rendered":"<p>Zamjensko ku\u0107i\u0161te za auto klju\u010d Chevrolt sa tri tipke. Dostava unutar 1 do 7 radnih dana. Pogledajte video!<\/p>\n","protected":false},"featured_media":6463,"template":"","meta":[],"product_brand":[],"product_cat":[19],"product_tag":[],"class_list":{"0":"post-6462","1":"product","2":"type-product","3":"status-publish","4":"has-post-thumbnail","6":"product_cat-kuciste-kljuca-za-chevrolet","8":"first","9":"instock","10":"taxable","11":"shipping-taxable","12":"purchasable","13":"product-type-simple"},"yoast_head":"<!-- This site is optimized with the Yoast SEO plugin v19.13 - https:\/\/yoast.com\/wordpress\/plugins\/seo\/ -->\n<title>Ku\u0107i\u0161te za auto klju\u010d Chevrolet da tri tipke - Ku\u0107i\u0161ta za auto klju\u010deve<\/title>\n<meta name=\"robots\" content=\"index, follow, max-snippet:-1, max-image-preview:large, max-video-preview:-1\" \/>\n<link rel=\"canonical\" href=\"https:\/\/www.auto-kljuc.com\/webshop\/product\/kuciste-za-auto-kljuc-chevrolet-da-tri-tipke\/\" \/>\n<meta property=\"og:locale\" content=\"hr_HR\" \/>\n<meta property=\"og:type\" content=\"article\" \/>\n<meta property=\"og:title\" content=\"Ku\u0107i\u0161te za auto klju\u010d Chevrolet da tri tipke - Ku\u0107i\u0161ta za auto klju\u010deve\" \/>\n<meta property=\"og:description\" content=\"Zamjensko ku\u0107i\u0161te za auto klju\u010d Chevrolt sa tri tipke. Dostava unutar 1 do 7 radnih dana. Pogledajte video!\" \/>\n<meta property=\"og:url\" content=\"https:\/\/www.auto-kljuc.com\/webshop\/product\/kuciste-za-auto-kljuc-chevrolet-da-tri-tipke\/\" \/>\n<meta property=\"og:site_name\" content=\"Ku\u0107i\u0161ta za auto klju\u010deve\" \/>\n<meta property=\"article:modified_time\" content=\"2025-03-28T09:10:22+00:00\" \/>\n<meta property=\"og:image\" content=\"https:\/\/www.auto-kljuc.com\/webshop\/wp-content\/uploads\/2025\/03\/kuciste-za-kljuc-chevrolet-tri-tipke.jpg\" \/>\n\t<meta property=\"og:image:width\" content=\"400\" \/>\n\t<meta property=\"og:image:height\" content=\"400\" \/>\n\t<meta property=\"og:image:type\" content=\"image\/jpeg\" \/>\n<meta name=\"twitter:card\" content=\"summary_large_image\" \/>\n<meta name=\"twitter:label1\" content=\"Procijenjeno vrijeme \u010ditanja\" \/>\n\t<meta name=\"twitter:data1\" content=\"1 minuta\" \/>\n<script type=\"application\/ld+json\" class=\"yoast-schema-graph\">{\"@context\":\"https:\/\/schema.org\",\"@graph\":[{\"@type\":\"WebPage\",\"@id\":\"https:\/\/www.auto-kljuc.com\/webshop\/product\/kuciste-za-auto-kljuc-chevrolet-da-tri-tipke\/\",\"url\":\"https:\/\/www.auto-kljuc.com\/webshop\/product\/kuciste-za-auto-kljuc-chevrolet-da-tri-tipke\/\",\"name\":\"Ku\u0107i\u0161te za auto klju\u010d Chevrolet da tri tipke - Ku\u0107i\u0161ta za auto klju\u010deve\",\"isPartOf\":{\"@id\":\"https:\/\/www.auto-kljuc.com\/webshop\/#website\"},\"datePublished\":\"2025-03-28T09:09:17+00:00\",\"dateModified\":\"2025-03-28T09:10:22+00:00\",\"breadcrumb\":{\"@id\":\"https:\/\/www.auto-kljuc.com\/webshop\/product\/kuciste-za-auto-kljuc-chevrolet-da-tri-tipke\/#breadcrumb\"},\"inLanguage\":\"hr\",\"potentialAction\":[{\"@type\":\"ReadAction\",\"target\":[\"https:\/\/www.auto-kljuc.com\/webshop\/product\/kuciste-za-auto-kljuc-chevrolet-da-tri-tipke\/\"]}]},{\"@type\":\"BreadcrumbList\",\"@id\":\"https:\/\/www.auto-kljuc.com\/webshop\/product\/kuciste-za-auto-kljuc-chevrolet-da-tri-tipke\/#breadcrumb\",\"itemListElement\":[{\"@type\":\"ListItem\",\"position\":1,\"name\":\"Po\u010detna stranica\",\"item\":\"https:\/\/www.auto-kljuc.com\/webshop\/\"},{\"@type\":\"ListItem\",\"position\":2,\"name\":\"Shop\",\"item\":\"https:\/\/www.auto-kljuc.com\/webshop\/\"},{\"@type\":\"ListItem\",\"position\":3,\"name\":\"Ku\u0107i\u0161te za auto klju\u010d Chevrolet da tri tipke\"}]},{\"@type\":\"WebSite\",\"@id\":\"https:\/\/www.auto-kljuc.com\/webshop\/#website\",\"url\":\"https:\/\/www.auto-kljuc.com\/webshop\/\",\"name\":\"Ku\u0107i\u0161ta za auto klju\u010deve\",\"description\":\"\",\"potentialAction\":[{\"@type\":\"SearchAction\",\"target\":{\"@type\":\"EntryPoint\",\"urlTemplate\":\"https:\/\/www.auto-kljuc.com\/webshop\/?s={search_term_string}\"},\"query-input\":\"required name=search_term_string\"}],\"inLanguage\":\"hr\"}]}<\/script>\n<!-- \/ Yoast SEO plugin. -->","yoast_head_json":{"title":"Ku\u0107i\u0161te za auto klju\u010d Chevrolet da tri tipke - Ku\u0107i\u0161ta za auto klju\u010deve","robots":{"index":"index","follow":"follow","max-snippet":"max-snippet:-1","max-image-preview":"max-image-preview:large","max-video-preview":"max-video-preview:-1"},"canonical":"https:\/\/www.auto-kljuc.com\/webshop\/product\/kuciste-za-auto-kljuc-chevrolet-da-tri-tipke\/","og_locale":"hr_HR","og_type":"article","og_title":"Ku\u0107i\u0161te za auto klju\u010d Chevrolet da tri tipke - Ku\u0107i\u0161ta za auto klju\u010deve","og_description":"Zamjensko ku\u0107i\u0161te za auto klju\u010d Chevrolt sa tri tipke. Dostava unutar 1 do 7 radnih dana. Pogledajte video!","og_url":"https:\/\/www.auto-kljuc.com\/webshop\/product\/kuciste-za-auto-kljuc-chevrolet-da-tri-tipke\/","og_site_name":"Ku\u0107i\u0161ta za auto klju\u010deve","article_modified_time":"2025-03-28T09:10:22+00:00","og_image":[{"width":400,"height":400,"url":"https:\/\/www.auto-kljuc.com\/webshop\/wp-content\/uploads\/2025\/03\/kuciste-za-kljuc-chevrolet-tri-tipke.jpg","type":"image\/jpeg"}],"twitter_card":"summary_large_image","twitter_misc":{"Procijenjeno vrijeme \u010ditanja":"1 minuta"},"schema":{"@context":"https:\/\/schema.org","@graph":[{"@type":"WebPage","@id":"https:\/\/www.auto-kljuc.com\/webshop\/product\/kuciste-za-auto-kljuc-chevrolet-da-tri-tipke\/","url":"https:\/\/www.auto-kljuc.com\/webshop\/product\/kuciste-za-auto-kljuc-chevrolet-da-tri-tipke\/","name":"Ku\u0107i\u0161te za auto klju\u010d Chevrolet da tri tipke - Ku\u0107i\u0161ta za auto klju\u010deve","isPartOf":{"@id":"https:\/\/www.auto-kljuc.com\/webshop\/#website"},"datePublished":"2025-03-28T09:09:17+00:00","dateModified":"2025-03-28T09:10:22+00:00","breadcrumb":{"@id":"https:\/\/www.auto-kljuc.com\/webshop\/product\/kuciste-za-auto-kljuc-chevrolet-da-tri-tipke\/#breadcrumb"},"inLanguage":"hr","potentialAction":[{"@type":"ReadAction","target":["https:\/\/www.auto-kljuc.com\/webshop\/product\/kuciste-za-auto-kljuc-chevrolet-da-tri-tipke\/"]}]},{"@type":"BreadcrumbList","@id":"https:\/\/www.auto-kljuc.com\/webshop\/product\/kuciste-za-auto-kljuc-chevrolet-da-tri-tipke\/#breadcrumb","itemListElement":[{"@type":"ListItem","position":1,"name":"Po\u010detna stranica","item":"https:\/\/www.auto-kljuc.com\/webshop\/"},{"@type":"ListItem","position":2,"name":"Shop","item":"https:\/\/www.auto-kljuc.com\/webshop\/"},{"@type":"ListItem","position":3,"name":"Ku\u0107i\u0161te za auto klju\u010d Chevrolet da tri tipke"}]},{"@type":"WebSite","@id":"https:\/\/www.auto-kljuc.com\/webshop\/#website","url":"https:\/\/www.auto-kljuc.com\/webshop\/","name":"Ku\u0107i\u0161ta za auto klju\u010deve","description":"","potentialAction":[{"@type":"SearchAction","target":{"@type":"EntryPoint","urlTemplate":"https:\/\/www.auto-kljuc.com\/webshop\/?s={search_term_string}"},"query-input":"required name=search_term_string"}],"inLanguage":"hr"}]}},"_links":{"self":[{"href":"https:\/\/www.auto-kljuc.com\/webshop\/wp-json\/wp\/v2\/product\/6462","targetHints":{"allow":["GET"]}}],"collection":[{"href":"https:\/\/www.auto-kljuc.com\/webshop\/wp-json\/wp\/v2\/product"}],"about":[{"href":"https:\/\/www.auto-kljuc.com\/webshop\/wp-json\/wp\/v2\/types\/product"}],"wp:featuredmedia":[{"embeddable":true,"href":"https:\/\/www.auto-kljuc.com\/webshop\/wp-json\/wp\/v2\/media\/6463"}],"wp:attachment":[{"href":"https:\/\/www.auto-kljuc.com\/webshop\/wp-json\/wp\/v2\/media?parent=6462"}],"wp:term":[{"taxonomy":"product_brand","embeddable":true,"href":"https:\/\/www.auto-kljuc.com\/webshop\/wp-json\/wp\/v2\/product_brand?post=6462"},{"taxonomy":"product_cat","embeddable":true,"href":"https:\/\/www.auto-kljuc.com\/webshop\/wp-json\/wp\/v2\/product_cat?post=6462"},{"taxonomy":"product_tag","embeddable":true,"href":"https:\/\/www.auto-kljuc.com\/webshop\/wp-json\/wp\/v2\/product_tag?post=6462"}],"curies":[{"name":"wp","href":"https:\/\/api.w.org\/{rel}","templated":true}]}}